{"id":348,"date":"2021-06-07T10:47:34","date_gmt":"2021-06-07T08:47:34","guid":{"rendered":"http:\/\/hrs4rformacion.zeus.umh.es\/?page_id=348"},"modified":"2023-02-22T12:49:58","modified_gmt":"2023-02-22T11:49:58","slug":"curso-de-formacion-de-directores-codirectores-y-tutores-de-tesis-doctorales","status":"publish","type":"page","link":"https:\/\/hrs4rformacion.umh.es\/es\/curso-de-formacion-de-directores-codirectores-y-tutores-de-tesis-doctorales\/","title":{"rendered":"Curso de formaci\u00f3n de directores, codirectores y tutores de tesis doctorales"},"content":{"rendered":"<p>[et_pb_section fb_built=\u00bb1&#8243; _builder_version=\u00bb4.16&#8243; custom_margin=\u00bb150px||||false|false\u00bb global_colors_info=\u00bb{}\u00bb][et_pb_row column_structure=\u00bb1_4,1_4,1_4,1_4&#8243; _builder_version=\u00bb4.16&#8243; background_size=\u00bbinitial\u00bb background_position=\u00bbtop_left\u00bb background_repeat=\u00bbrepeat\u00bb custom_padding=\u00bb0px||||false|false\u00bb global_colors_info=\u00bb{}\u00bb][et_pb_column type=\u00bb1_4&#8243; _builder_version=\u00bb4.16&#8243; custom_padding=\u00bb|||\u00bb global_colors_info=\u00bb{}\u00bb custom_padding__hover=\u00bb|||\u00bb][et_pb_button button_url=\u00bbhttp:\/\/hrs4rformacion.umh.es\/es\/complementos-de-formacion-programas-de-doctorado\/\u00bb button_text=\u00bbComplementos de Formaci\u00f3n Programas de Doctorado\u00bb admin_label=\u00bb Programas de Doctorado\u00bb _builder_version=\u00bb4.17.4&#8243; custom_button=\u00bbon\u00bb button_text_size=\u00bb16px\u00bb button_text_color=\u00bb#FFFFFF\u00bb button_bg_color=\u00bb#be343a\u00bb button_border_color=\u00bb#FFFFFF\u00bb custom_margin=\u00bb0px||0px||false|false\u00bb hover_enabled=\u00bb0&#8243; custom_css_main_element=\u00bbwidth:100%;||height:100%;||margin-bottom: 0px;\u00bb global_colors_info=\u00bb{}\u00bb sticky_enabled=\u00bb0&#8243;][\/et_pb_button][et_pb_button button_url=\u00bbhttp:\/\/hrs4rformacion.umh.es\/es\/curso-de-formacion-de-directores-codirectores-y-tutores-de-tesis-doctorales\/\u00bb button_text=\u00bbCurso de formaci\u00f3n Directores\u00bb admin_label=\u00bbformaci\u00f3n Directores\u00bb _builder_version=\u00bb4.17.4&#8243; custom_button=\u00bbon\u00bb button_text_size=\u00bb16px\u00bb button_text_color=\u00bb#FFFFFF\u00bb button_bg_color=\u00bb#be343a\u00bb button_border_color=\u00bb#FFFFFF\u00bb custom_margin=\u00bb0px||0px||false|false\u00bb custom_padding=\u00bb0px||0px||false|false\u00bb hover_enabled=\u00bb0&#8243; custom_css_main_element=\u00bbwidth:100%;||height:100%;||margin-bottom: 0px;\u00bb global_colors_info=\u00bb{}\u00bb sticky_enabled=\u00bb0&#8243;][\/et_pb_button][et_pb_button button_url=\u00bbhttp:\/\/hrs4rformacion.umh.es\/es\/plan-basico-de-formacion-de-investigadores\/\u00bb button_text=\u00bbPlan B\u00e1sico Formaci\u00f3n Investigadores\u00bb admin_label=\u00bbPlan B\u00e1sico\u00bb _builder_version=\u00bb4.17.4&#8243; custom_button=\u00bbon\u00bb button_text_size=\u00bb16px\u00bb button_text_color=\u00bb#FFFFFF\u00bb button_bg_color=\u00bb#be343a\u00bb button_border_color=\u00bb#FFFFFF\u00bb custom_margin=\u00bb0px||0px||false|false\u00bb hover_enabled=\u00bb0&#8243; custom_css_main_element=\u00bbwidth:100%;||height:100%;||margin-bottom: 0px;\u00bb global_colors_info=\u00bb{}\u00bb sticky_enabled=\u00bb0&#8243;][\/et_pb_button][et_pb_button button_url=\u00bbhttp:\/\/hrs4rformacion.umh.es\/es\/formacion-y-mejora-docente\/\u00bb button_text=\u00bbFormaci\u00f3n y mejora Docente\u00bb admin_label=\u00bbmejora Docente\u00bb _builder_version=\u00bb4.17.4&#8243; custom_button=\u00bbon\u00bb button_text_size=\u00bb16px\u00bb button_text_color=\u00bb#FFFFFF\u00bb button_bg_color=\u00bb#be343a\u00bb button_border_color=\u00bb#FFFFFF\u00bb custom_margin=\u00bb0px||0px||false|false\u00bb hover_enabled=\u00bb0&#8243; custom_css_main_element=\u00bbwidth:100%;||height:100%;||margin-bottom: 0px;\u00bb global_colors_info=\u00bb{}\u00bb sticky_enabled=\u00bb0&#8243;][\/et_pb_button][et_pb_button button_url=\u00bbhttp:\/\/hrs4rformacion.umh.es\/es\/trabajo-fin-de-grado-interdisciplinares\/\u00bb button_text=\u00bbTrabajo Fin de Grado Interdisciplinares\u00bb admin_label=\u00bbTFGI\u00bb _builder_version=\u00bb4.17.4&#8243; custom_button=\u00bbon\u00bb button_text_size=\u00bb16px\u00bb button_text_color=\u00bb#FFFFFF\u00bb button_bg_color=\u00bb#be343a\u00bb button_border_color=\u00bb#FFFFFF\u00bb custom_margin=\u00bb0px||0px||false|false\u00bb hover_enabled=\u00bb0&#8243; custom_css_main_element=\u00bbwidth:100%;||height:100%;||margin-bottom: 0px;\u00bb global_colors_info=\u00bb{}\u00bb sticky_enabled=\u00bb0&#8243;][\/et_pb_button][et_pb_button button_url=\u00bbhttp:\/\/hrs4rformacion.umh.es\/es\/webinar-oficina-de-investigacion-responsable\/\u00bb button_text=\u00bbWebinar Oficina de Investigaci\u00f3n Responsable\u00bb admin_label=\u00bbResponsable\u00bb _builder_version=\u00bb4.17.4&#8243; custom_button=\u00bbon\u00bb button_text_size=\u00bb16px\u00bb button_text_color=\u00bb#FFFFFF\u00bb button_bg_color=\u00bb#be343a\u00bb button_border_color=\u00bb#FFFFFF\u00bb custom_margin=\u00bb0px||0px||false|false\u00bb hover_enabled=\u00bb0&#8243; custom_css_main_element=\u00bbwidth:100%;||height:100%;||margin-bottom: 0px;\u00bb global_colors_info=\u00bb{}\u00bb sticky_enabled=\u00bb0&#8243;][\/et_pb_button][et_pb_button button_url=\u00bbhttp:\/\/hrs4rformacion.umh.es\/es\/webinar-proteccion-de-datos-en-investigacion\/\u00bb button_text=\u00bbWebinar Protecci\u00f3n de Datos en Investigaci\u00f3n\u00bb admin_label=\u00bbProtecci\u00f3n de Datos\u00bb _builder_version=\u00bb4.17.4&#8243; custom_button=\u00bbon\u00bb button_text_size=\u00bb16px\u00bb button_text_color=\u00bb#FFFFFF\u00bb button_bg_color=\u00bb#be343a\u00bb button_border_color=\u00bb#FFFFFF\u00bb custom_margin=\u00bb0px||0px||false|false\u00bb hover_enabled=\u00bb0&#8243; custom_css_main_element=\u00bbwidth:100%;||height:100%;||margin-bottom: 0px;\u00bb global_colors_info=\u00bb{}\u00bb sticky_enabled=\u00bb0&#8243;][\/et_pb_button][et_pb_button button_url=\u00bbhttp:\/\/hrs4rformacion.umh.es\/es\/webinar-prevencion-y-resolucion-de-conflictos\/\u00bb button_text=\u00bbWebinar Prevenci\u00f3n y Resoluci\u00f3n de Conflictos\u00bb admin_label=\u00bbPrevenci\u00f3n\u00bb _builder_version=\u00bb4.17.4&#8243; custom_button=\u00bbon\u00bb button_text_size=\u00bb16px\u00bb button_text_color=\u00bb#FFFFFF\u00bb button_bg_color=\u00bb#be343a\u00bb button_border_color=\u00bb#FFFFFF\u00bb custom_margin=\u00bb0px||0px||false|false\u00bb hover_enabled=\u00bb0&#8243; custom_css_main_element=\u00bbwidth:100%;||height:100%;||margin-bottom: 0px;\u00bb global_colors_info=\u00bb{}\u00bb sticky_enabled=\u00bb0&#8243;][\/et_pb_button][et_pb_button button_url=\u00bbhttp:\/\/hrs4rformacion.umh.es\/es\/webinar-plan-de-igualdad-y-diversidad\/\u00bb button_text=\u00bbWebinar Plan de Igualdad y Diversidad\u00bb admin_label=\u00bbIgualdad\u00bb _builder_version=\u00bb4.17.4&#8243; custom_button=\u00bbon\u00bb button_text_size=\u00bb16px\u00bb button_text_color=\u00bb#FFFFFF\u00bb button_bg_color=\u00bb#be343a\u00bb button_border_color=\u00bb#FFFFFF\u00bb custom_margin=\u00bb0px||0px||false|false\u00bb hover_enabled=\u00bb0&#8243; custom_css_main_element=\u00bbwidth:100%;||height:100%;||margin-bottom: 0px;\u00bb global_colors_info=\u00bb{}\u00bb sticky_enabled=\u00bb0&#8243;][\/et_pb_button][\/et_pb_column][et_pb_column type=\u00bb1_4&#8243; _builder_version=\u00bb4.16&#8243; custom_padding=\u00bb|||\u00bb global_colors_info=\u00bb{}\u00bb custom_padding__hover=\u00bb|||\u00bb][et_pb_text _builder_version=\u00bb4.16&#8243; custom_margin=\u00bb||10px||false|false\u00bb custom_css_main_element=\u00bbwidth:1200px;\u00bb global_colors_info=\u00bb{}\u00bb]<\/p>\n<h1>CURSO DE FORMACI\u00d3N DIRIGIDOS A DIRECTORES Y SUBDIRECTORES DE TESIS DOCTORAL<\/h1>\n<p>[\/et_pb_text][et_pb_text admin_label=\u00bbResoluci\u00f3n de conflictos\u00bb _builder_version=\u00bb4.16&#8243; global_colors_info=\u00bb{}\u00bb]<\/p>\n<p><iframe loading=\"lazy\" title=\"YouTube video player\" src=\"https:\/\/www.youtube.com\/embed\/Sw7qmnfWirA?list=PLClKgnzRFYe6rgaJBjVMMiKqMdl_Esnj3\" width=\"900\" height=\"506\" frameborder=\"0\" allowfullscreen=\"allowfullscreen\"><\/iframe><\/p>\n<h3>Resoluci\u00f3n de conflictos en el marco de los programas de Doctorado RD99\/2011<\/h3>\n<p>[\/et_pb_text][et_pb_text admin_label=\u00bbNuevos modelos\u00bb _builder_version=\u00bb4.16&#8243; global_colors_info=\u00bb{}\u00bb]<\/p>\n<p><iframe loading=\"lazy\" title=\"YouTube video player\" src=\"https:\/\/www.youtube.com\/embed\/50PvE15MGn8?list=PLClKgnzRFYe6rgaJBjVMMiKqMdl_Esnj3\" width=\"900\" height=\"506\" frameborder=\"0\" allowfullscreen=\"allowfullscreen\"><\/iframe><\/p>\n<h3>Nuevos modelos de educaci\u00f3n doctoral<\/h3>\n<p>&nbsp;<\/p>\n<p>[\/et_pb_text][et_pb_text admin_label=\u00bbQu\u00e9 espera una empres\u00bb _builder_version=\u00bb4.16&#8243; global_colors_info=\u00bb{}\u00bb]<\/p>\n<p><iframe loading=\"lazy\" title=\"YouTube video player\" src=\"https:\/\/www.youtube.com\/embed\/V7yW56YQLqs?list=PLClKgnzRFYe6rgaJBjVMMiKqMdl_Esnj3\" width=\"900\" height=\"506\" frameborder=\"0\" allowfullscreen=\"allowfullscreen\"><\/iframe><\/p>\n<h3>\u00bfQu\u00e9 espera una empresa del doctorado?<\/h3>\n<p>[\/et_pb_text][et_pb_text admin_label=\u00bbVictoria Nogu\u00e9\u00bb _builder_version=\u00bb4.16&#8243; global_colors_info=\u00bb{}\u00bb]<\/p>\n<p><iframe loading=\"lazy\" title=\"YouTube video player\" src=\"https:\/\/www.youtube.com\/embed\/UNgt-ytdlh0?list=PLClKgnzRFYe6rgaJBjVMMiKqMdl_Esnj3\" width=\"900\" height=\"506\" frameborder=\"0\" allowfullscreen=\"allowfullscreen\"><\/iframe><\/p>\n<h3>Visi\u00f3n y experiencias en el desarrollo de programas de doctorado industrial. Victoria Nogu\u00e9s<\/h3>\n<p>[\/et_pb_text][\/et_pb_column][et_pb_column type=\u00bb1_4&#8243; _builder_version=\u00bb4.16&#8243; custom_padding=\u00bb|||\u00bb global_colors_info=\u00bb{}\u00bb custom_padding__hover=\u00bb|||\u00bb][et_pb_text _builder_version=\u00bb4.16&#8243; custom_margin=\u00bb20px||10px||false|false\u00bb global_colors_info=\u00bb{}\u00bb]<\/br>[\/et_pb_text][et_pb_text admin_label=\u00bbIntroducci\u00f3n de la perspectiva\u00bb _builder_version=\u00bb4.16&#8243; global_colors_info=\u00bb{}\u00bb]<\/p>\n<p><iframe loading=\"lazy\" title=\"YouTube video player\" src=\"https:\/\/www.youtube.com\/embed\/miya8EUjksI?list=PLClKgnzRFYe6rgaJBjVMMiKqMdl_Esnj3\" width=\"900\" height=\"506\" frameborder=\"0\" allowfullscreen=\"allowfullscreen\"><\/iframe><\/p>\n<h3>Introducci\u00f3n de la perspectiva de g\u00e9nero en la investigaci\u00f3n RD99\/2011<\/h3>\n<p>[\/et_pb_text][et_pb_text admin_label=\u00bb Barbara Alcocer\u00bb _builder_version=\u00bb4.16&#8243; global_colors_info=\u00bb{}\u00bb]<\/p>\n<p><iframe loading=\"lazy\" title=\"YouTube video player\" src=\"https:\/\/www.youtube.com\/embed\/5sdkN_pnAIY?list=PLClKgnzRFYe6rgaJBjVMMiKqMdl_Esnj3\" width=\"900\" height=\"506\" frameborder=\"0\" allowfullscreen=\"allowfullscreen\"><\/iframe><\/p>\n<h3>Ayudas para el desarrollo de programas de doctorado industrial. Barbara Alcocer<\/h3>\n<p>[\/et_pb_text][et_pb_text admin_label=\u00bbRosario Osta\u00bb _builder_version=\u00bb4.16&#8243; global_colors_info=\u00bb{}\u00bb]<\/p>\n<p><iframe loading=\"lazy\" title=\"YouTube video player\" src=\"https:\/\/www.youtube.com\/embed\/rbkqj0jWbEY?list=PLClKgnzRFYe6rgaJBjVMMiKqMdl_Esnj3\" width=\"900\" height=\"506\" frameborder=\"0\" allowfullscreen=\"allowfullscreen\"><\/iframe><\/p>\n<h3>Visi\u00f3n y experiencias en el desarrollo de programas de doctorado industrial.<\/h3>\n<p>[\/et_pb_text][et_pb_text admin_label=\u00bbAlvar Gracia\u00bb _builder_version=\u00bb4.16&#8243; global_colors_info=\u00bb{}\u00bb]<\/p>\n<p><iframe loading=\"lazy\" title=\"YouTube video player\" src=\"https:\/\/www.youtube.com\/embed\/Z-vQ0LHfdPM?list=PLClKgnzRFYe6rgaJBjVMMiKqMdl_Esnj3\" width=\"900\" height=\"506\" frameborder=\"0\" allowfullscreen=\"allowfullscreen\"><\/iframe><\/p>\n<h3>Visi\u00f3n y experiencias en el desarrollo de programas de doctorado ind. Alvar Gracia y Joan Casellas<\/h3>\n<p>[\/et_pb_text][\/et_pb_column][et_pb_column type=\u00bb1_4&#8243; _builder_version=\u00bb4.16&#8243; custom_padding=\u00bb|||\u00bb global_colors_info=\u00bb{}\u00bb custom_padding__hover=\u00bb|||\u00bb][et_pb_text _builder_version=\u00bb4.16&#8243; custom_margin=\u00bb20px||10px||false|false\u00bb global_colors_info=\u00bb{}\u00bb]<\/br>[\/et_pb_text][et_pb_text admin_label=\u00bbDoctorados industriales.\u00bb _builder_version=\u00bb4.16&#8243; global_colors_info=\u00bb{}\u00bb]<\/p>\n<p><iframe loading=\"lazy\" title=\"YouTube video player\" src=\"https:\/\/www.youtube.com\/embed\/aAryfjbBzPE?list=PLClKgnzRFYe6rgaJBjVMMiKqMdl_Esnj3\" width=\"900\" height=\"506\" frameborder=\"0\" allowfullscreen=\"allowfullscreen\"><\/iframe><\/p>\n<h3>Doctorados industriales. Presentaci\u00f3n<\/h3>\n<\/p>\n<p>[\/et_pb_text][et_pb_text admin_label=\u00bbJesus Rojo\u00bb _builder_version=\u00bb4.16&#8243; global_colors_info=\u00bb{}\u00bb]<\/p>\n<p><iframe loading=\"lazy\" title=\"YouTube video player\" src=\"https:\/\/www.youtube.com\/embed\/KJ9z25y6hGA?list=PLClKgnzRFYe6rgaJBjVMMiKqMdl_Esnj3\" width=\"900\" height=\"506\" frameborder=\"0\" allowfullscreen=\"allowfullscreen\"><\/iframe><\/p>\n<h3>Ayudas para el desarrollo de programas de doctorado industrial. Jes\u00fas Rojo<\/h3>\n<p>[\/et_pb_text][et_pb_text admin_label=\u00bbAlbert Sangra\u00bb _builder_version=\u00bb4.16&#8243; global_colors_info=\u00bb{}\u00bb]<\/p>\n<p><iframe loading=\"lazy\" title=\"YouTube video player\" src=\"https:\/\/www.youtube.com\/embed\/g0pjqLInk4c?list=PLClKgnzRFYe6rgaJBjVMMiKqMdl_Esnj3\" width=\"900\" height=\"506\" frameborder=\"0\" allowfullscreen=\"allowfullscreen\"><\/iframe><\/p>\n<h3>Visi\u00f3n y experiencias en el desarrollo de programas de doctorado industrial. Albert Sangra<\/h3>\n<p>[\/et_pb_text][\/et_pb_column][\/et_pb_row][et_pb_row column_structure=\u00bb1_3,2_3&#8243; _builder_version=\u00bb4.16&#8243; background_size=\u00bbinitial\u00bb background_position=\u00bbtop_left\u00bb background_repeat=\u00bbrepeat\u00bb custom_padding=\u00bb0px||||false|false\u00bb global_colors_info=\u00bb{}\u00bb][et_pb_column type=\u00bb1_3&#8243; _builder_version=\u00bb4.16&#8243; custom_padding=\u00bb|||\u00bb global_colors_info=\u00bb{}\u00bb custom_padding__hover=\u00bb|||\u00bb][\/et_pb_column][et_pb_column type=\u00bb2_3&#8243; _builder_version=\u00bb4.16&#8243; custom_padding=\u00bb|||\u00bb global_colors_info=\u00bb{}\u00bb custom_padding__hover=\u00bb|||\u00bb][\/et_pb_column][\/et_pb_row][et_pb_row column_structure=\u00bb1_4,3_4&#8243; _builder_version=\u00bb4.16&#8243; global_colors_info=\u00bb{}\u00bb][et_pb_column type=\u00bb1_4&#8243; _builder_version=\u00bb4.16&#8243; global_colors_info=\u00bb{}\u00bb][\/et_pb_column][et_pb_column type=\u00bb3_4&#8243; _builder_version=\u00bb4.16&#8243; global_colors_info=\u00bb{}\u00bb][\/et_pb_column][\/et_pb_row][\/et_pb_section]<\/p>\n","protected":false},"excerpt":{"rendered":"<p>CURSO DE FORMACI\u00d3N DIRIGIDOS A DIRECTORES Y SUBDIRECTORES DE TESIS DOCTORAL Resoluci\u00f3n de conflictos en el marco de los programas de Doctorado RD99\/2011 Nuevos modelos de educaci\u00f3n doctoral &nbsp; \u00bfQu\u00e9 espera una empresa del doctorado? Visi\u00f3n y experiencias en el desarrollo de programas de doctorado industrial. Victoria Nogu\u00e9s Introducci\u00f3n de la perspectiva de g\u00e9nero en [&hellip;]<\/p>\n","protected":false},"author":5901,"featured_media":0,"parent":0,"menu_order":0,"comment_status":"closed","ping_status":"closed","template":"","meta":{"_et_pb_use_builder":"on","_et_pb_old_content":"","_et_gb_content_width":"","_links_to":"","_links_to_target":""},"_links":{"self":[{"href":"https:\/\/hrs4rformacion.umh.es\/es\/wp-json\/wp\/v2\/pages\/348"}],"collection":[{"href":"https:\/\/hrs4rformacion.umh.es\/es\/wp-json\/wp\/v2\/pages"}],"about":[{"href":"https:\/\/hrs4rformacion.umh.es\/es\/wp-json\/wp\/v2\/types\/page"}],"author":[{"embeddable":true,"href":"https:\/\/hrs4rformacion.umh.es\/es\/wp-json\/wp\/v2\/users\/5901"}],"replies":[{"embeddable":true,"href":"https:\/\/hrs4rformacion.umh.es\/es\/wp-json\/wp\/v2\/comments?post=348"}],"version-history":[{"count":0,"href":"https:\/\/hrs4rformacion.umh.es\/es\/wp-json\/wp\/v2\/pages\/348\/revisions"}],"wp:attachment":[{"href":"https:\/\/hrs4rformacion.umh.es\/es\/wp-json\/wp\/v2\/media?parent=348"}],"curies":[{"name":"wp","href":"https:\/\/api.w.org\/{rel}","templated":true}]}}