{"id":109,"date":"2021-05-05T10:11:14","date_gmt":"2021-05-05T08:11:14","guid":{"rendered":"http:\/\/hrs4rformacion.zeus.umh.es\/?page_id=109"},"modified":"2023-02-22T13:48:37","modified_gmt":"2023-02-22T12:48:37","slug":"congreso-anual-de-estudiantes-de-doctoradocaed","status":"publish","type":"page","link":"https:\/\/hrs4rformacion.umh.es\/es\/congreso-anual-de-estudiantes-de-doctoradocaed\/","title":{"rendered":"Congreso Anual de Estudiantes de Doctorado(CAED)"},"content":{"rendered":"<p>[et_pb_section fb_built=\u00bb1&#8243; _builder_version=\u00bb4.17.4&#8243; custom_padding=\u00bb||0px||false|false\u00bb hover_enabled=\u00bb0&#8243; global_colors_info=\u00bb{}\u00bb sticky_enabled=\u00bb0&#8243;][et_pb_row column_structure=\u00bb1_4,3_4&#8243; _builder_version=\u00bb4.16&#8243; background_size=\u00bbinitial\u00bb background_position=\u00bbtop_left\u00bb background_repeat=\u00bbrepeat\u00bb custom_padding=\u00bb0px||||false|false\u00bb global_colors_info=\u00bb{}\u00bb][et_pb_column type=\u00bb1_4&#8243; _builder_version=\u00bb4.16&#8243; custom_padding=\u00bb|||\u00bb global_colors_info=\u00bb{}\u00bb custom_padding__hover=\u00bb|||\u00bb][et_pb_button button_url=\u00bbhttps:\/\/hrs4rformacion.umh.es\/es\/congreso-anual-de-estudiantes-de-doctoradocaed\/?lang=es\u00bb button_text=\u00bbCongreso anual de estudiantes de doctorado(CAED)\u00bb admin_label=\u00bbCAED\u00bb _builder_version=\u00bb4.17.4&#8243; custom_button=\u00bbon\u00bb button_text_size=\u00bb16px\u00bb button_text_color=\u00bb#FFFFFF\u00bb button_bg_color=\u00bb#be343a\u00bb button_border_color=\u00bb#FFFFFF\u00bb custom_margin=\u00bb0px||0px||false|false\u00bb custom_padding=\u00bb0px||0px||false|false\u00bb custom_css_main_element=\u00bbwidth:100%;||height:100%;||margin-bottom: 0px;||\u00bb global_colors_info=\u00bb{}\u00bb][\/et_pb_button][et_pb_button button_url=\u00bbhttps:\/\/hrs4rformacion.umh.es\/es\/videos-de-presentacion-grupos-de-investigacion-umh\/\u00bb button_text=\u00bbVideos de presentaci\u00f3n Grupos de Investigaci\u00f3n UMH\u00bb admin_label=\u00bbInvestigacion UMH\u00bb _builder_version=\u00bb4.17.4&#8243; custom_button=\u00bbon\u00bb button_text_size=\u00bb16px\u00bb button_text_color=\u00bb#FFFFFF\u00bb button_bg_color=\u00bb#be343a\u00bb button_border_color=\u00bb#FFFFFF\u00bb custom_margin=\u00bb0px||0px||false|false\u00bb custom_css_main_element=\u00bbwidth:100%;||height:100%;||margin-bottom: 0px;\u00bb global_colors_info=\u00bb{}\u00bb][\/et_pb_button][et_pb_button button_url=\u00bbhttps:\/\/hrs4rformacion.umh.es\/es\/reglamento-de-contratacion-de-personal-investigador\/\u00bb button_text=\u00bbReglamento de Contrataci\u00f3n de Personal Investigador\u00bb admin_label=\u00bbReglamento\u00bb _builder_version=\u00bb4.17.4&#8243; custom_button=\u00bbon\u00bb button_text_size=\u00bb16px\u00bb button_text_color=\u00bb#ffffff\u00bb button_bg_color=\u00bb#be343a\u00bb custom_css_main_element=\u00bbwidth:100%;||height:100%;||margin-bottom: 0px;\u00bb global_colors_info=\u00bb{}\u00bb][\/et_pb_button][et_pb_button button_url=\u00bbhttps:\/\/hrs4rformacion.umh.es\/es\/experiencias-de-investigadores-en-sus-estancias-en-el-extranjero\/?lang=es\u00bb button_text=\u00bbVideos Experiencias de Investigadores en sus estancias en el extanjero\u00bb admin_label=\u00bbexperiencias en el extranjero\u00bb _builder_version=\u00bb4.17.4&#8243; custom_button=\u00bbon\u00bb button_text_size=\u00bb16px\u00bb button_text_color=\u00bb#FFFFFF\u00bb button_bg_color=\u00bb#be343a\u00bb button_border_color=\u00bb#FFFFFF\u00bb custom_margin=\u00bb0px||0px||false|false\u00bb custom_css_main_element=\u00bbwidth:100%;||height:100%;||margin-bottom: 0px;\u00bb global_colors_info=\u00bb{}\u00bb][\/et_pb_button][et_pb_button button_url=\u00bbhttps:\/\/hrs4rformacion.umh.es\/es\/impulso-movilidad-de-investigadores\/?lang=es\u00bb button_text=\u00bbImpulso Movilidad de Investigadores\u00bb admin_label=\u00bbMovilidad\u00bb _builder_version=\u00bb4.17.4&#8243; custom_button=\u00bbon\u00bb button_text_size=\u00bb16px\u00bb button_text_color=\u00bb#FFFFFF\u00bb button_bg_color=\u00bb#be343a\u00bb button_border_color=\u00bb#FFFFFF\u00bb custom_margin=\u00bb0px||0px||false|false\u00bb custom_css_main_element=\u00bbwidth:100%;||height:100%;||margin-bottom: 0px;\u00bb global_colors_info=\u00bb{}\u00bb][\/et_pb_button][\/et_pb_column][et_pb_column type=\u00bb3_4&#8243; _builder_version=\u00bb4.16&#8243; custom_padding=\u00bb|||\u00bb global_colors_info=\u00bb{}\u00bb custom_padding__hover=\u00bb|||\u00bb][et_pb_text _builder_version=\u00bb4.17.4&#8243; background_size=\u00bbinitial\u00bb background_position=\u00bbtop_left\u00bb background_repeat=\u00bbrepeat\u00bb width=\u00bb100%\u00bb global_colors_info=\u00bb{}\u00bb]<\/p>\n<h1><strong>El\u00a0<em>Congreso Anual de Estudiantes de Doctorado (CAED)<\/em><\/strong><\/h1>\n<p>El\u00a0<em><strong>Congreso Anual de Estudiantes de Doctorado (CAED)<\/strong><\/em>\u00a0es un evento acad\u00e9mico de car\u00e1cter anual que tiene por finalidad favorecer el encuentro y el intercambio interdisciplinar del conocimiento cient\u00edfico entre estudiantes de doctorado de las universidades espa\u00f1olas. El CAED nace como una iniciativa impulsada por el Vicerrectorado de Investigaci\u00f3n de la Universidad Miguel Hern\u00e1ndez (UMH), pero queda abierto a la participaci\u00f3n de estudiantes de doctorado de cualquier universidad espa\u00f1ola.<\/p>\n<p><img loading=\"lazy\" class=\"alignright wp-image-112 size-medium\" style=\"float: right;\" src=\"https:\/\/hrs4rformacion.umh.es\/files\/2021\/05\/Programa_CAED-212x300-212x300.jpg\" alt=\"\" width=\"212\" height=\"300\" \/>El CAED pretende servir como punto de encuentro de j\u00f3venes investigadores que se encuentran\u00a0iniciando su carrera investigadora con independencia del \u00e1rea de conocimiento de su inter\u00e9s cient\u00edfico. As\u00ed, el CAED se configura como un espacio para la discusi\u00f3n, colaboraci\u00f3n e intercambio de ideas entre investigaciones. El objetivo \u00faltimo del CAED es enriquecer la experiencia investigadora de los doctorandos.<\/p>\n<p>La primera edici\u00f3n del CAED tendr\u00e1 lugar el\u00a0<strong>2 de febrero de 2021<\/strong>\u00a0y, por el contexto actual de crisis sanitaria en el que nos encontramos, se celebrar\u00e1 de forma online. Concretamente, se celebrar\u00e1 a trav\u00e9s de la plataforma de teleconferencia Google Meet. La Organizaci\u00f3n facilitar\u00e1 a los inscritos con la debida antelaci\u00f3n enlaces a las distintas salas donde se realicen las presentaciones. El CAED est\u00e1 organizado y coordinado por el Vicerrectorado de Investigaci\u00f3n de la UMH en colaboraci\u00f3n con los representantes de los diferentes Programas de Doctorado de la UMH.<\/p>\n<p><strong><span style=\"text-decoration: underline;\"><span style=\"color: #0000ff; text-decoration: underline;\"><a style=\"color: #0000ff; text-decoration: underline;\" href=\"https:\/\/congresoestudiantesdoctorado.umh.es\/ediciones-previas\/ii-caied\/\" target=\"_blank\" rel=\"noopener\">Enlace p\u00e1gina Congreso Anual de Estudiantes de Doctorado 2022.<\/a><\/span><\/span><\/strong><\/p>\n<p><strong><span style=\"text-decoration: underline;\"><span style=\"color: #0000ff; text-decoration: underline;\"><a style=\"color: #0000ff; text-decoration: underline;\" href=\"https:\/\/congresoestudiantesdoctorado.umh.es\/\" target=\"_blank\" rel=\"noopener\">Enlace p\u00e1gina Congreso Anual de Estudiantes de Doctorado 2023.<\/a><\/span><\/span><\/strong><\/p>\n<p>[\/et_pb_text][\/et_pb_column][\/et_pb_row][et_pb_row _builder_version=\u00bb4.16&#8243; global_colors_info=\u00bb{}\u00bb][et_pb_column type=\u00bb4_4&#8243; _builder_version=\u00bb4.16&#8243; global_colors_info=\u00bb{}\u00bb][\/et_pb_column][\/et_pb_row][\/et_pb_section][et_pb_section fb_built=\u00bb1&#8243; fullwidth=\u00bbon\u00bb _builder_version=\u00bb4.16&#8243; custom_css_main_element=\u00bbposition: fixed;||left: 0;||right: 0;||bottom: 0;||z-index: 100;\u00bb global_colors_info=\u00bb{}\u00bb][et_pb_fullwidth_menu disabled_on=\u00bbon|on|on\u00bb _builder_version=\u00bb4.16&#8243; background_color=\u00bb#E09900&#8243; disabled=\u00bbon\u00bb global_colors_info=\u00bb{}\u00bb][\/et_pb_fullwidth_menu][\/et_pb_section]<\/p>\n","protected":false},"excerpt":{"rendered":"<p>El\u00a0Congreso Anual de Estudiantes de Doctorado (CAED) El\u00a0Congreso Anual de Estudiantes de Doctorado (CAED)\u00a0es un evento acad\u00e9mico de car\u00e1cter anual que tiene por finalidad favorecer el encuentro y el intercambio interdisciplinar del conocimiento cient\u00edfico entre estudiantes de doctorado de las universidades espa\u00f1olas. El CAED nace como una iniciativa impulsada por el Vicerrectorado de Investigaci\u00f3n de [&hellip;]<\/p>\n","protected":false},"author":5901,"featured_media":0,"parent":0,"menu_order":0,"comment_status":"closed","ping_status":"closed","template":"","meta":{"_et_pb_use_builder":"on","_et_pb_old_content":"<p>El\u00a0<em><strong>Congreso Anual de Estudiantes de Doctorado (CAED)<\/strong><\/em>\u00a0es un evento acad\u00e9mico de car\u00e1cter anual que tiene por finalidad favorecer el encuentro y el intercambio interdisciplinar del conocimiento cient\u00edfico entre estudiantes de doctorado de las universidades espa\u00f1olas. El CAED nace como una iniciativa impulsada por el Vicerrectorado de Investigaci\u00f3n de la Universidad Miguel Hern\u00e1ndez (UMH), pero queda abierto a la participaci\u00f3n de estudiantes de doctorado de cualquier universidad espa\u00f1ola.<\/p><p>El CAED pretende servir como punto de encuentro de j\u00f3venes investigadores que se encuentran iniciando su carrera investigadora con independencia del \u00e1rea de conocimiento de su inter\u00e9s cient\u00edfico. As\u00ed, el CAED se configura como un espacio para la discusi\u00f3n, colaboraci\u00f3n e intercambio de ideas entre investigaciones. El objetivo \u00faltimo del CAED es enriquecer la experiencia investigadora de los doctorandos.<\/p><p>La primera edici\u00f3n del CAED tendr\u00e1 lugar el\u00a0<strong>2 de febrero de 2021<\/strong>\u00a0y, por el contexto actual de crisis sanitaria en el que nos encontramos, se celebrar\u00e1 de forma online. Concretamente, se celebrar\u00e1 a trav\u00e9s de la plataforma de teleconferencia Google Meet. La Organizaci\u00f3n facilitar\u00e1 a los inscritos con la debida antelaci\u00f3n enlaces a las distintas salas donde se realicen las presentaciones. El CAED est\u00e1 organizado y coordinado por el Vicerrectorado de Investigaci\u00f3n de la UMH en colaboraci\u00f3n con los representantes de los diferentes Programas de Doctorado de la UMH.<\/p><p><img class=\"size-medium wp-image-112 aligncenter\" src=\"http:\/\/hrs4rformacion.zeus.umh.es\/files\/2021\/05\/Programa_CAED-212x300-212x300.jpg\" alt=\"\" width=\"212\" height=\"300\" \/><\/p><p><strong><u><a style=\"color: blue;\" href=\"https:\/\/congresoestudiantesdoctorado.umh.es\/\" target=\"_blank\" rel=\"noopener\">P\u00e1gina Congreso Anual de Estudiantes de Doctorado<\/a><\/u><\/strong><\/p>","_et_gb_content_width":"","_links_to":"","_links_to_target":""},"_links":{"self":[{"href":"https:\/\/hrs4rformacion.umh.es\/es\/wp-json\/wp\/v2\/pages\/109"}],"collection":[{"href":"https:\/\/hrs4rformacion.umh.es\/es\/wp-json\/wp\/v2\/pages"}],"about":[{"href":"https:\/\/hrs4rformacion.umh.es\/es\/wp-json\/wp\/v2\/types\/page"}],"author":[{"embeddable":true,"href":"https:\/\/hrs4rformacion.umh.es\/es\/wp-json\/wp\/v2\/users\/5901"}],"replies":[{"embeddable":true,"href":"https:\/\/hrs4rformacion.umh.es\/es\/wp-json\/wp\/v2\/comments?post=109"}],"version-history":[{"count":0,"href":"https:\/\/hrs4rformacion.umh.es\/es\/wp-json\/wp\/v2\/pages\/109\/revisions"}],"wp:attachment":[{"href":"https:\/\/hrs4rformacion.umh.es\/es\/wp-json\/wp\/v2\/media?parent=109"}],"curies":[{"name":"wp","href":"https:\/\/api.w.org\/{rel}","templated":true}]}}